{"id":140,"date":"2020-07-14T13:59:04","date_gmt":"2020-07-14T11:59:04","guid":{"rendered":"http:\/\/www.c14.sk\/?page_id=140"},"modified":"2024-06-28T14:11:18","modified_gmt":"2024-06-28T12:11:18","slug":"related-current-activities","status":"publish","type":"page","link":"https:\/\/www.c14.sk\/?page_id=140","title":{"rendered":"Related current activities"},"content":{"rendered":"\n<p><a href=\"https:\/\/www.c14.sk\/wp-content\/uploads\/2020\/07\/Abstrakty-KonfVeda-KA-FiF-UK-12020.pdf\">Najv\u00fdznamnej\u0161ie v\u00fdskumy Katedry archeol\u00f3gie<br>Filozofickej fakulty Univerzity Komensk\u00e9ho v Bratislave v rokoch 2018 \u2013 2019 &#8211; Kniha abstraktov<\/a><\/p>\n\n\n\n<p><\/p>\n","protected":false},"excerpt":{"rendered":"<p>Najv\u00fdznamnej\u0161ie v\u00fdskumy Katedry archeol\u00f3gieFilozofickej fakulty Univerzity Komensk\u00e9ho v Bratislave v rokoch 2018 \u2013 2019 &#8211; Kniha abstraktov<\/p>\n","protected":false},"author":1,"featured_media":0,"parent":0,"menu_order":0,"comment_status":"closed","ping_status":"closed","template":"","meta":{"footnotes":""},"class_list":["post-140","page","type-page","status-publish","hentry"],"rttpg_featured_image_url":null,"rttpg_author":{"display_name":"admin","author_link":"https:\/\/www.c14.sk\/?author=1"},"rttpg_comment":0,"rttpg_category":null,"rttpg_excerpt":"Najv\u00fdznamnej\u0161ie v\u00fdskumy Katedry archeol\u00f3gieFilozofickej fakulty Univerzity Komensk\u00e9ho v Bratislave v rokoch 2018 \u2013 2019 &#8211; Kniha abstraktov","_links":{"self":[{"href":"https:\/\/www.c14.sk\/index.php?rest_route=\/wp\/v2\/pages\/140","targetHints":{"allow":["GET"]}}],"collection":[{"href":"https:\/\/www.c14.sk\/index.php?rest_route=\/wp\/v2\/pages"}],"about":[{"href":"https:\/\/www.c14.sk\/index.php?rest_route=\/wp\/v2\/types\/page"}],"author":[{"embeddable":true,"href":"https:\/\/www.c14.sk\/index.php?rest_route=\/wp\/v2\/users\/1"}],"replies":[{"embeddable":true,"href":"https:\/\/www.c14.sk\/index.php?rest_route=%2Fwp%2Fv2%2Fcomments&post=140"}],"version-history":[{"count":3,"href":"https:\/\/www.c14.sk\/index.php?rest_route=\/wp\/v2\/pages\/140\/revisions"}],"predecessor-version":[{"id":145,"href":"https:\/\/www.c14.sk\/index.php?rest_route=\/wp\/v2\/pages\/140\/revisions\/145"}],"wp:attachment":[{"href":"https:\/\/www.c14.sk\/index.php?rest_route=%2Fwp%2Fv2%2Fmedia&parent=140"}],"curies":[{"name":"wp","href":"https:\/\/api.w.org\/{rel}","templated":true}]}}